{"id":381,"date":"2014-09-18T15:43:42","date_gmt":"2014-09-18T13:43:42","guid":{"rendered":"https:\/\/www.solchem.si\/?page_id=381"},"modified":"2020-06-23T10:38:22","modified_gmt":"2020-06-23T08:38:22","slug":"prednosti-2","status":"publish","type":"page","link":"https:\/\/www.solchem.si\/sr\/prednosti-2\/","title":{"rendered":"Prednosti"},"content":{"rendered":"\n<p>Prednosti<\/p>\n\n\n\n<h1 class=\"wp-block-heading\">Ekipa<\/h1>\n\n\n\n<p><em>Na svako pitanje imamo iskren odgovor.<\/em><\/p>\n\n\n\n<p>Na\u0161a najve\u0107a prednost je na\u0161 tim. Mi razumemo \u017eelje i potrebe partnera, nudimo stru\u010dnu pomo\u0107 i tehni\u010dku podr\u0161ku. U na\u0161oj laboratoriji vr\u0161imo kontrolu kvaliteta, kao i dodatne analize za najzahtevnije kupce.<\/p>\n","protected":false},"excerpt":{"rendered":"<p>Prednosti Ekipa Na svako pitanje imamo iskren odgovor. Na\u0161a najve\u0107a prednost je na\u0161 tim. Mi razumemo \u017eelje i potrebe partnera, nudimo stru\u010dnu pomo\u0107 i tehni\u010dku podr\u0161ku. U na\u0161oj laboratoriji vr\u0161imo kontrolu kvaliteta, kao i dodatne analize za najzahtevnije kupce.<\/p>\n","protected":false},"author":3,"featured_media":0,"parent":0,"menu_order":0,"comment_status":"closed","ping_status":"closed","template":"","meta":{"_acf_changed":false,"footnotes":""},"class_list":["post-381","page","type-page","status-publish","hentry"],"acf":[],"aioseo_notices":[],"_links":{"self":[{"href":"https:\/\/www.solchem.si\/sr\/wp-json\/wp\/v2\/pages\/381","targetHints":{"allow":["GET"]}}],"collection":[{"href":"https:\/\/www.solchem.si\/sr\/wp-json\/wp\/v2\/pages"}],"about":[{"href":"https:\/\/www.solchem.si\/sr\/wp-json\/wp\/v2\/types\/page"}],"author":[{"embeddable":true,"href":"https:\/\/www.solchem.si\/sr\/wp-json\/wp\/v2\/users\/3"}],"replies":[{"embeddable":true,"href":"https:\/\/www.solchem.si\/sr\/wp-json\/wp\/v2\/comments?post=381"}],"version-history":[{"count":0,"href":"https:\/\/www.solchem.si\/sr\/wp-json\/wp\/v2\/pages\/381\/revisions"}],"wp:attachment":[{"href":"https:\/\/www.solchem.si\/sr\/wp-json\/wp\/v2\/media?parent=381"}],"curies":[{"name":"wp","href":"https:\/\/api.w.org\/{rel}","templated":true}]}}