{"id":358,"date":"2014-09-18T15:28:48","date_gmt":"2014-09-18T13:28:48","guid":{"rendered":"https:\/\/www.solchem.si\/?page_id=358"},"modified":"2020-06-23T10:38:21","modified_gmt":"2020-06-23T08:38:21","slug":"distribucija-4","status":"publish","type":"page","link":"https:\/\/www.solchem.si\/sr\/distribucija-4\/","title":{"rendered":"distribucija"},"content":{"rendered":"\n<p>Distribucija hemikalija<\/p>\n\n\n\n<h1 class=\"wp-block-heading\">Fleksibilnost i odziv<\/h1>\n\n\n\n<p><em>Spremni smo savladati svaki izazov, jer znamo prilagoditi svoj pristup.<\/em><\/p>\n\n\n\n<p>Mi smo vode\u0107i slovena\u010dki distributer hemikalija. Materijale kupujemo od proizvo\u0111a\u010da iz celog sveta. Sa \u0161irokom paletom rastvara\u010da, kiselina, baza i soli,&nbsp;prodajno smo prisutni uglavnom na teritoriji Balkana. Logisti\u010dki centar u Ljubljani nam omogu\u0107ava da materijale obezbedimo u razli\u010ditim jedinicama pakovanja.&nbsp;Na\u0161im klijentima nudimo efikasna, kvalitetna, pouzdana i sigurna re\u0161enja. Odgovaraju\u0107a veli\u010dina&nbsp;preduze\u0107a u odnosu na veli\u010dinu regije u kojoj poslujemo&nbsp;je jedna od na\u0161ih klju\u010dnih prednosti.<\/p>\n","protected":false},"excerpt":{"rendered":"<p>Distribucija hemikalija Fleksibilnost i odziv Spremni smo savladati svaki izazov, jer znamo prilagoditi svoj pristup. Mi smo vode\u0107i slovena\u010dki distributer hemikalija. Materijale kupujemo od proizvo\u0111a\u010da iz celog sveta. Sa \u0161irokom paletom rastvara\u010da, kiselina, baza i soli,&nbsp;prodajno smo prisutni uglavnom na teritoriji Balkana. Logisti\u010dki centar u Ljubljani nam omogu\u0107ava da materijale obezbedimo u razli\u010ditim jedinicama pakovanja.&nbsp;Na\u0161im [&hellip;]<\/p>\n","protected":false},"author":4,"featured_media":0,"parent":0,"menu_order":0,"comment_status":"closed","ping_status":"closed","template":"","meta":{"_acf_changed":false,"footnotes":""},"class_list":["post-358","page","type-page","status-publish","hentry"],"acf":[],"aioseo_notices":[],"_links":{"self":[{"href":"https:\/\/www.solchem.si\/sr\/wp-json\/wp\/v2\/pages\/358","targetHints":{"allow":["GET"]}}],"collection":[{"href":"https:\/\/www.solchem.si\/sr\/wp-json\/wp\/v2\/pages"}],"about":[{"href":"https:\/\/www.solchem.si\/sr\/wp-json\/wp\/v2\/types\/page"}],"author":[{"embeddable":true,"href":"https:\/\/www.solchem.si\/sr\/wp-json\/wp\/v2\/users\/4"}],"replies":[{"embeddable":true,"href":"https:\/\/www.solchem.si\/sr\/wp-json\/wp\/v2\/comments?post=358"}],"version-history":[{"count":0,"href":"https:\/\/www.solchem.si\/sr\/wp-json\/wp\/v2\/pages\/358\/revisions"}],"wp:attachment":[{"href":"https:\/\/www.solchem.si\/sr\/wp-json\/wp\/v2\/media?parent=358"}],"curies":[{"name":"wp","href":"https:\/\/api.w.org\/{rel}","templated":true}]}}