{"id":363,"date":"2014-09-18T15:29:30","date_gmt":"2014-09-18T13:29:30","guid":{"rendered":"https:\/\/www.solchem.si\/?page_id=363"},"modified":"2020-06-23T10:38:12","modified_gmt":"2020-06-23T08:38:12","slug":"o-nama-2","status":"publish","type":"page","link":"https:\/\/www.solchem.si\/hr\/o-nama-2\/","title":{"rendered":"O nama"},"content":{"rendered":"<h1>O nama<\/h1>\n<table>\n<tbody>\n<tr>\n<td>Ime dru\u0161tva:<\/td>\n<td>Solchem d.o.o.<\/td>\n<\/tr>\n<tr>\n<td>Adresa:<\/td>\n<td>Tovarni\u0161ka 48<br \/>\n1000 Ljubljana<br \/>\nSlovenija<\/td>\n<\/tr>\n<tr>\n<td>Telefon:<\/td>\n<td>+386 1 6200 620<\/td>\n<\/tr>\n<tr>\n<td>Fax:<\/td>\n<td>+386 1 6200 629<\/td>\n<\/tr>\n<tr>\n<td>E-mail:<\/td>\n<td><a href=\"mailto:info@solchem.si\">info@solchem.si<\/a><\/td>\n<\/tr>\n<tr>\n<td>Mati\u010dni broj:<\/td>\n<td>3918637<\/td>\n<\/tr>\n<tr>\n<td>ID za PDV:<\/td>\n<td>SI33745935<\/td>\n<\/tr>\n<tr>\n<td>TRR \/ IBAN:<\/td>\n<td>SI56 2900 0005 0180 188<\/td>\n<\/tr>\n<tr>\n<td>SWIFT\u00a0\/ BIC:<\/td>\n<td>BACXSI22<\/td>\n<\/tr>\n<tr>\n<td>Osnovni kapital:<\/td>\n<td>300.000,00 \u20ac<\/td>\n<\/tr>\n<\/tbody>\n<\/table>\n","protected":false},"excerpt":{"rendered":"<p>O nama Ime dru\u0161tva: Solchem d.o.o. Adresa: Tovarni\u0161ka 48 1000 Ljubljana Slovenija Telefon: +386 1 6200 620 Fax: +386 1 6200 629 E-mail: info@solchem.si Mati\u010dni broj: 3918637 ID za PDV: SI33745935 TRR \/ IBAN: SI56 2900 0005 0180 188 SWIFT\u00a0\/ BIC: BACXSI22 Osnovni kapital: 300.000,00 \u20ac<\/p>\n","protected":false},"author":4,"featured_media":0,"parent":0,"menu_order":0,"comment_status":"closed","ping_status":"closed","template":"tmp_o_podjetju.php","meta":{"_acf_changed":false,"footnotes":""},"class_list":["post-363","page","type-page","status-publish","hentry"],"acf":[],"aioseo_notices":[],"_links":{"self":[{"href":"https:\/\/www.solchem.si\/hr\/wp-json\/wp\/v2\/pages\/363","targetHints":{"allow":["GET"]}}],"collection":[{"href":"https:\/\/www.solchem.si\/hr\/wp-json\/wp\/v2\/pages"}],"about":[{"href":"https:\/\/www.solchem.si\/hr\/wp-json\/wp\/v2\/types\/page"}],"author":[{"embeddable":true,"href":"https:\/\/www.solchem.si\/hr\/wp-json\/wp\/v2\/users\/4"}],"replies":[{"embeddable":true,"href":"https:\/\/www.solchem.si\/hr\/wp-json\/wp\/v2\/comments?post=363"}],"version-history":[{"count":0,"href":"https:\/\/www.solchem.si\/hr\/wp-json\/wp\/v2\/pages\/363\/revisions"}],"wp:attachment":[{"href":"https:\/\/www.solchem.si\/hr\/wp-json\/wp\/v2\/media?parent=363"}],"curies":[{"name":"wp","href":"https:\/\/api.w.org\/{rel}","templated":true}]}}