{"id":307,"date":"2014-09-18T14:49:09","date_gmt":"2014-09-18T12:49:09","guid":{"rendered":"https:\/\/www.solchem.si\/?page_id=307"},"modified":"2020-06-23T10:38:12","modified_gmt":"2020-06-23T08:38:12","slug":"proizvodnja-2","status":"publish","type":"page","link":"https:\/\/www.solchem.si\/hr\/proizvodnja-2\/","title":{"rendered":"Proizvodnja"},"content":{"rendered":"<p>Proizvodnja povr\u0161inski aktivnih tvari<\/p>\n<h1>Kvaliteta i pouzdanost<\/h1>\n<p><em>Kompromise sklapamo samo sa svojim partnerima, nikada sa kvalitetom.<\/em><\/p>\n<p>Proizvodimo specialne, tehnolo\u0161ki zahtjevne povr\u0161inski aktivne tvari za potrebe proizvodnje kozmetike, industrijskih deterd\u017eenata i tehni\u010dkih ulja. Na\u0161i proizvodi su uglavnom prisutni na tr\u017ei\u0161tu Zapadne Evrope.<\/p>\n","protected":false},"excerpt":{"rendered":"<p>Proizvodnja povr\u0161inski aktivnih tvari Kvaliteta i pouzdanost Kompromise sklapamo samo sa svojim partnerima, nikada sa kvalitetom. Proizvodimo specialne, tehnolo\u0161ki zahtjevne povr\u0161inski aktivne tvari za potrebe proizvodnje kozmetike, industrijskih deterd\u017eenata i tehni\u010dkih ulja. Na\u0161i proizvodi su uglavnom prisutni na tr\u017ei\u0161tu Zapadne Evrope.<\/p>\n","protected":false},"author":3,"featured_media":0,"parent":0,"menu_order":0,"comment_status":"closed","ping_status":"closed","template":"","meta":{"_acf_changed":false,"footnotes":""},"class_list":["post-307","page","type-page","status-publish","hentry"],"acf":[],"aioseo_notices":[],"_links":{"self":[{"href":"https:\/\/www.solchem.si\/hr\/wp-json\/wp\/v2\/pages\/307","targetHints":{"allow":["GET"]}}],"collection":[{"href":"https:\/\/www.solchem.si\/hr\/wp-json\/wp\/v2\/pages"}],"about":[{"href":"https:\/\/www.solchem.si\/hr\/wp-json\/wp\/v2\/types\/page"}],"author":[{"embeddable":true,"href":"https:\/\/www.solchem.si\/hr\/wp-json\/wp\/v2\/users\/3"}],"replies":[{"embeddable":true,"href":"https:\/\/www.solchem.si\/hr\/wp-json\/wp\/v2\/comments?post=307"}],"version-history":[{"count":0,"href":"https:\/\/www.solchem.si\/hr\/wp-json\/wp\/v2\/pages\/307\/revisions"}],"wp:attachment":[{"href":"https:\/\/www.solchem.si\/hr\/wp-json\/wp\/v2\/media?parent=307"}],"curies":[{"name":"wp","href":"https:\/\/api.w.org\/{rel}","templated":true}]}}