{"id":295,"date":"2014-09-17T13:30:54","date_gmt":"2014-09-17T11:30:54","guid":{"rendered":"https:\/\/www.solchem.si\/?page_id=295"},"modified":"2020-06-23T10:38:12","modified_gmt":"2020-06-23T08:38:12","slug":"distribucija-2","status":"publish","type":"page","link":"https:\/\/www.solchem.si\/hr\/distribucija-2\/","title":{"rendered":"distribucija"},"content":{"rendered":"\n<p>Distribucija kemikalija<\/p>\n\n\n\n<h1 class=\"wp-block-heading\">Fleksibilnost i odziv<\/h1>\n\n\n\n<p><em>Spremni smo savladati svaki izazov, jer znamo prilagoditi svoj pristup.<\/em><\/p>\n\n\n\n<p>Mi smo vode\u0107i slovenski distributer kemikalija. Materijale kupujemo od proizvo\u0111a\u010da iz cijelog svijeta sa \u0161irokom paletom otapala, kiselina, baza i soli. Prodajno smo prisutni uglavnom na teritoriji Balkana. Logisti\u010dki centar u Ljubljani nam omogu\u0107uje da materijale osiguramo u razli\u010ditim jedinicama pakiranja. Na\u0161im klijentima nudimo u\u010dinkovita, kvalitetna, pouzdana i sigurna rije\u0161enja. Veli\u010dina na\u0161eg poduze\u0107a odgovara veli\u010dini regije i jedan je od na\u0161ih klju\u010dnih prednosti u poslovanju.<\/p>\n","protected":false},"excerpt":{"rendered":"<p>Distribucija kemikalija Fleksibilnost i odziv Spremni smo savladati svaki izazov, jer znamo prilagoditi svoj pristup. Mi smo vode\u0107i slovenski distributer kemikalija. Materijale kupujemo od proizvo\u0111a\u010da iz cijelog svijeta sa \u0161irokom paletom otapala, kiselina, baza i soli. Prodajno smo prisutni uglavnom na teritoriji Balkana. Logisti\u010dki centar u Ljubljani nam omogu\u0107uje da materijale osiguramo u razli\u010ditim jedinicama [&hellip;]<\/p>\n","protected":false},"author":4,"featured_media":0,"parent":0,"menu_order":0,"comment_status":"closed","ping_status":"closed","template":"","meta":{"_acf_changed":false,"footnotes":""},"class_list":["post-295","page","type-page","status-publish","hentry"],"acf":[],"aioseo_notices":[],"_links":{"self":[{"href":"https:\/\/www.solchem.si\/hr\/wp-json\/wp\/v2\/pages\/295","targetHints":{"allow":["GET"]}}],"collection":[{"href":"https:\/\/www.solchem.si\/hr\/wp-json\/wp\/v2\/pages"}],"about":[{"href":"https:\/\/www.solchem.si\/hr\/wp-json\/wp\/v2\/types\/page"}],"author":[{"embeddable":true,"href":"https:\/\/www.solchem.si\/hr\/wp-json\/wp\/v2\/users\/4"}],"replies":[{"embeddable":true,"href":"https:\/\/www.solchem.si\/hr\/wp-json\/wp\/v2\/comments?post=295"}],"version-history":[{"count":0,"href":"https:\/\/www.solchem.si\/hr\/wp-json\/wp\/v2\/pages\/295\/revisions"}],"wp:attachment":[{"href":"https:\/\/www.solchem.si\/hr\/wp-json\/wp\/v2\/media?parent=295"}],"curies":[{"name":"wp","href":"https:\/\/api.w.org\/{rel}","templated":true}]}}